{"id":3863,"date":"2025-10-09T14:41:10","date_gmt":"2025-10-09T12:41:10","guid":{"rendered":"https:\/\/workshop.hufschmied.net\/?page_id=3863"},"modified":"2025-11-27T07:25:32","modified_gmt":"2025-11-27T06:25:32","slug":"drone-day-2025","status":"publish","type":"page","link":"https:\/\/workshop.hufschmied.net\/en\/drone-day-2025\/","title":{"rendered":"Drone Day 2025"},"content":{"rendered":"<div id=\"zusatz\" class=\"vc_row wpb_row vc_row-fluid vc_custom_1580198963738 vc_column-gap-15 vc_row-o-equal-height vc_row-flex\"><div class=\"wpb_column vc_column_container vc_col-sm-12\"><div class=\"vc_column-inner\"><div class=\"wpb_wrapper\">\n\t<div  class=\"wpb_single_image wpb_content_element vc_align_center\">\n\t\t\n\t\t<figure class=\"wpb_wrapper vc_figure\">\n\t\t\t<div class=\"vc_single_image-wrapper   vc_box_border_grey\"><img width=\"1920\" height=\"1080\" src=\"https:\/\/workshop.hufschmied.net\/wp-content\/uploads\/Drone-Day-FULL.jpg\" class=\"vc_single_image-img attachment-full\" alt=\"\" decoding=\"async\" loading=\"lazy\" srcset=\"https:\/\/workshop.hufschmied.net\/wp-content\/uploads\/Drone-Day-FULL.jpg 1920w, https:\/\/workshop.hufschmied.net\/wp-content\/uploads\/Drone-Day-FULL-300x169.jpg 300w, https:\/\/workshop.hufschmied.net\/wp-content\/uploads\/Drone-Day-FULL-1024x576.jpg 1024w, https:\/\/workshop.hufschmied.net\/wp-content\/uploads\/Drone-Day-FULL-768x432.jpg 768w, https:\/\/workshop.hufschmied.net\/wp-content\/uploads\/Drone-Day-FULL-1536x864.jpg 1536w, https:\/\/workshop.hufschmied.net\/wp-content\/uploads\/Drone-Day-FULL-260x146.jpg 260w, https:\/\/workshop.hufschmied.net\/wp-content\/uploads\/Drone-Day-FULL-50x28.jpg 50w, https:\/\/workshop.hufschmied.net\/wp-content\/uploads\/Drone-Day-FULL-133x75.jpg 133w, https:\/\/workshop.hufschmied.net\/wp-content\/uploads\/Drone-Day-FULL-1200x675.jpg 1200w\" sizes=\"(max-width: 1920px) 100vw, 1920px\" \/><\/div>\n\t\t<\/figure>\n\t<\/div>\n<div class=\"vc_row wpb_row vc_inner vc_row-fluid\"><div class=\"wpb_column vc_column_container vc_col-sm-12\"><div class=\"vc_column-inner\"><div class=\"wpb_wrapper\"><\/div><\/div><\/div><\/div><h2 style=\"font-size: 35px;line-height: 37px;text-align: left\" class=\"vc_custom_heading\" >Drone Day 2025<\/h2><h2 style=\"text-align: left\" class=\"vc_custom_heading\" >Bobingen | 27.11.2025 | Ab 10:00 Uhr<\/h2>\n\t<div class=\"wpb_text_column wpb_content_element\" >\n\t\t<div class=\"wpb_wrapper\">\n\t\t\t<p data-start=\"1578\" data-end=\"1609\">Erhalten Sie exklusive Einblicke in die Drohnenfertigung \u2013 ein innovativer Multimaterial-Mix, der neue Bearbeitungsl\u00f6sungen<br \/>\nerfordert. Treten Sie mit Entscheidern und Anwendern in den Austausch.<\/p>\n<p data-start=\"1578\" data-end=\"1609\"><strong>Was Sie erwartet:<\/strong><br \/>\n\u2022 Spannende Einblicke in den Multimaterial-Mix der Drohnenproduktion<br \/>\n\u2022 Live-Demo 3D-Druck \u2013 modern, effizient und zukunftsweisend<br \/>\n\u2022 Eigene Drohnenmodelle in der Fertigung erleben<br \/>\n\u2022 Bearbeitungsl\u00f6sungen f\u00fcr CFK, GFK, Aluminium, Honeycomb u.v.m.<\/p>\n<p data-start=\"1578\" data-end=\"1609\"><strong>Ihr Mehrwert:<\/strong><br \/>\n\u2022 Erleben Sie hautnah, wie Effizienz, Qualit\u00e4t und Pr\u00e4zision neue Ma\u00dfst\u00e4be setzen<br \/>\n\u2022 Erfahren Sie, wie branchen\u00fcbergreifender Wissenstransfer die Zerspanung revolutioniert<br \/>\n\u2022 Profitieren Sie von praxisnahen Beispielen und innovativen Technologien<\/p>\n<p data-start=\"50\" data-end=\"82\"><strong data-start=\"50\" data-end=\"82\">Anmeldung nicht mehr m\u00f6glich<\/strong><\/p>\n<p data-start=\"84\" data-end=\"256\">Vielen Dank f\u00fcr Ihr Interesse an unserer Veranstaltung.<br data-start=\"139\" data-end=\"142\" \/>Leider sind derzeit keine weiteren Anmeldungen m\u00f6glich, da wir unsere maximale Teilnehmerkapazit\u00e4t erreicht haben.<\/p>\n<p data-start=\"258\" data-end=\"370\">Wir bitten um Ihr Verst\u00e4ndnis und w\u00fcrden uns freuen, Sie bei einer zuk\u00fcnftigen Veranstaltung begr\u00fc\u00dfen zu d\u00fcrfen.<\/p>\n\n\t\t<\/div>\n\t<\/div>\n<div class=\"vc_btn3-container vc_btn3-left\" ><a class=\"vc_general vc_btn3 vc_btn3-size-md vc_btn3-shape-rounded vc_btn3-style-modern vc_btn3-color-warning\" href=\"https:\/\/workshop.hufschmied.net\/wp-content\/uploads\/SaveTheDate_DroneDay_deutsch.pdf\" title=\"\" target=\"_blank\">Einladung Drone Day 2025<\/a><\/div><div class=\"vc_btn3-container vc_btn3-left\" ><a class=\"vc_general vc_btn3 vc_btn3-size-md vc_btn3-shape-rounded vc_btn3-style-modern vc_btn3-color-warning\" href=\"https:\/\/workshop.hufschmied.net\/wp-content\/uploads\/DroneDay-Schnittdaten.pdf\" title=\"\" target=\"_blank\">Schnittdaten Drone Day 2025<\/a><\/div><\/div><\/div><\/div><\/div><div id=\"Anfahrt\" data-vc-full-width=\"true\" data-vc-full-width-init=\"false\" data-vc-stretch-content=\"true\" class=\"vc_row wpb_row vc_row-fluid map vc_row-no-padding vc_row-o-equal-height vc_row-o-content-middle vc_row-flex\"><div class=\"wpb_column vc_column_container vc_col-sm-8\"><div class=\"vc_column-inner vc_custom_1556893313806\"><div class=\"wpb_wrapper\">\n\t<div class=\"wpb_raw_code wpb_content_element wpb_raw_html\" >\n\t\t<div class=\"wpb_wrapper\">\n\t\t\t<iframe src=\"https:\/\/www.google.com\/maps\/embed?pb=!1m18!1m12!1m3!1d2655.6373253679694!2d10.83966507747779!3d48.27135354183689!2m3!1f0!2f0!3f0!3m2!1i1024!2i768!4f13.1!3m3!1m2!1s0x479ea1eb193ea1d7%3A0x29463e2193311e93!2sHufschmied%20Zerspanungssysteme%20GmbH!5e0!3m2!1sde!2sde!4v1710141984322!5m2!1sde!2sde\" width=\"1700\" height=\"450\" style=\"border:0;\" allowfullscreen=\"\" loading=\"lazy\" referrerpolicy=\"no-referrer-when-downgrade\"><\/iframe>\n\t\t<\/div>\n\t<\/div>\n<\/div><\/div><\/div><div class=\"wpb_column vc_column_container vc_col-sm-4 vc_col-has-fill\"><div class=\"vc_column-inner vc_custom_1524558184318\"><div class=\"wpb_wrapper\">\n\t<div class=\"wpb_text_column wpb_content_element  vc_custom_1692793315837\" >\n\t\t<div class=\"wpb_wrapper\">\n\t\t\t<h2><span style=\"color: #000000;\" data-darkreader-inline-color=\"\">YOUR CONTACT PERSON<\/span><\/h2>\n\n\t\t<\/div>\n\t<\/div>\n\n\t<div class=\"wpb_text_column wpb_content_element  vc_custom_1692349356204\" >\n\t\t<div class=\"wpb_wrapper\">\n\t\t\t<p><a href=\"mailto: f.winkler@hufschmied.net\">Felix Winkler<\/a><\/p>\n\n\t\t<\/div>\n\t<\/div>\n\n\t<div class=\"wpb_text_column wpb_content_element  vc_custom_1710147416841\" >\n\t\t<div class=\"wpb_wrapper\">\n\t\t\t<h2><span style=\"color: #000000;\" data-darkreader-inline-color=\"\">ADDRESS<\/span><\/h2>\n<p><strong>Hufschmied Zerspanungssysteme GmbH<\/strong><br \/>\nEdisonstra\u00dfe 11d<br \/>\n86399 Bobingen<br \/>\nGermany<\/p>\n<p><i class=\"icon-call\" style=\"\"><\/i> +49823496640<\/p>\n<p><i class=\"icon-globe\" style=\"\"><\/i> <a href=\"https:\/\/www.hufschmied.net\">Website<\/a><\/p>\n\n\t\t<\/div>\n\t<\/div>\n<\/div><\/div><\/div><\/div><div class=\"vc_row-full-width vc_clearfix\"><\/div><div class=\"vc_row wpb_row vc_row-fluid\"><div class=\"wpb_column vc_column_container vc_col-sm-12\"><div class=\"vc_column-inner\"><div class=\"wpb_wrapper\"><\/div><\/div><\/div><\/div>","protected":false},"excerpt":{"rendered":"Drone Day 2025Bobingen | 27.11.2025 | Ab 10:00 Uhr Erhalten Sie exklusive Einblicke in die Drohnenfertigung \u2013 ein innovativer Multimaterial-Mix, der neue Bearbeitungsl\u00f6sungen erfordert. Treten Sie<span class=\"excerpt-hellip\"> [\u2026]<\/span>","protected":false},"author":6,"featured_media":0,"parent":0,"menu_order":10,"comment_status":"closed","ping_status":"closed","template":"","meta":{"footnotes":""},"yoast_head":"<!-- This site is optimized with the Yoast SEO plugin v22.3 - https:\/\/yoast.com\/wordpress\/plugins\/seo\/ -->\n<title>Drone Day 2025 - Hufschmied Zerspanungssysteme GmbH<\/title>\n<meta name=\"robots\" content=\"index, follow, max-snippet:-1, max-image-preview:large, max-video-preview:-1\" \/>\n<link rel=\"canonical\" href=\"https:\/\/workshop.hufschmied.net\/en\/drone-day-2025\/\" \/>\n<meta property=\"og:locale\" content=\"en_US\" \/>\n<meta property=\"og:type\" content=\"article\" \/>\n<meta property=\"og:title\" content=\"Drone Day 2025 - Hufschmied Zerspanungssysteme GmbH\" \/>\n<meta property=\"og:url\" content=\"https:\/\/workshop.hufschmied.net\/en\/drone-day-2025\/\" \/>\n<meta property=\"og:site_name\" content=\"Hufschmied Zerspanungssysteme GmbH\" \/>\n<meta property=\"article:modified_time\" content=\"2025-11-27T06:25:32+00:00\" \/>\n<meta name=\"twitter:card\" content=\"summary_large_image\" \/>\n<meta name=\"twitter:label1\" content=\"Est. reading time\" \/>\n\t<meta name=\"twitter:data1\" content=\"2 minutes\" \/>\n<script type=\"application\/ld+json\" class=\"yoast-schema-graph\">{\"@context\":\"https:\/\/schema.org\",\"@graph\":[{\"@type\":\"WebPage\",\"@id\":\"https:\/\/workshop.hufschmied.net\/drone-day-2025\/\",\"url\":\"https:\/\/workshop.hufschmied.net\/drone-day-2025\/\",\"name\":\"Drone Day 2025 - Hufschmied Zerspanungssysteme GmbH\",\"isPartOf\":{\"@id\":\"https:\/\/workshop.hufschmied.net\/#website\"},\"datePublished\":\"2025-10-09T12:41:10+00:00\",\"dateModified\":\"2025-11-27T06:25:32+00:00\",\"breadcrumb\":{\"@id\":\"https:\/\/workshop.hufschmied.net\/drone-day-2025\/#breadcrumb\"},\"inLanguage\":\"en-US\",\"potentialAction\":[{\"@type\":\"ReadAction\",\"target\":[\"https:\/\/workshop.hufschmied.net\/drone-day-2025\/\"]}]},{\"@type\":\"BreadcrumbList\",\"@id\":\"https:\/\/workshop.hufschmied.net\/drone-day-2025\/#breadcrumb\",\"itemListElement\":[{\"@type\":\"ListItem\",\"position\":1,\"name\":\"Startseite\",\"item\":\"https:\/\/workshop.hufschmied.net\/\"},{\"@type\":\"ListItem\",\"position\":2,\"name\":\"Drone Day 2025\"}]},{\"@type\":\"WebSite\",\"@id\":\"https:\/\/workshop.hufschmied.net\/#website\",\"url\":\"https:\/\/workshop.hufschmied.net\/\",\"name\":\"Hufschmied Zerspanungssysteme GmbH\",\"description\":\"Workshops\",\"publisher\":{\"@id\":\"https:\/\/workshop.hufschmied.net\/#organization\"},\"potentialAction\":[{\"@type\":\"SearchAction\",\"target\":{\"@type\":\"EntryPoint\",\"urlTemplate\":\"https:\/\/workshop.hufschmied.net\/?s={search_term_string}\"},\"query-input\":\"required name=search_term_string\"}],\"inLanguage\":\"en-US\"},{\"@type\":\"Organization\",\"@id\":\"https:\/\/workshop.hufschmied.net\/#organization\",\"name\":\"Hufschmied Zerspanungssysteme GmbH\",\"url\":\"https:\/\/workshop.hufschmied.net\/\",\"logo\":{\"@type\":\"ImageObject\",\"inLanguage\":\"en-US\",\"@id\":\"https:\/\/workshop.hufschmied.net\/#\/schema\/logo\/image\/\",\"url\":\"https:\/\/workshop.hufschmied.net\/wp-content\/uploads\/HZ-Emblem-schwarz.png\",\"contentUrl\":\"https:\/\/workshop.hufschmied.net\/wp-content\/uploads\/HZ-Emblem-schwarz.png\",\"width\":906,\"height\":779,\"caption\":\"Hufschmied Zerspanungssysteme GmbH\"},\"image\":{\"@id\":\"https:\/\/workshop.hufschmied.net\/#\/schema\/logo\/image\/\"}}]}<\/script>\n<!-- \/ Yoast SEO plugin. -->","yoast_head_json":{"title":"Drone Day 2025 - Hufschmied Zerspanungssysteme GmbH","robots":{"index":"index","follow":"follow","max-snippet":"max-snippet:-1","max-image-preview":"max-image-preview:large","max-video-preview":"max-video-preview:-1"},"canonical":"https:\/\/workshop.hufschmied.net\/en\/drone-day-2025\/","og_locale":"en_US","og_type":"article","og_title":"Drone Day 2025 - Hufschmied Zerspanungssysteme GmbH","og_url":"https:\/\/workshop.hufschmied.net\/en\/drone-day-2025\/","og_site_name":"Hufschmied Zerspanungssysteme GmbH","article_modified_time":"2025-11-27T06:25:32+00:00","twitter_card":"summary_large_image","twitter_misc":{"Est. reading time":"2 minutes"},"schema":{"@context":"https:\/\/schema.org","@graph":[{"@type":"WebPage","@id":"https:\/\/workshop.hufschmied.net\/drone-day-2025\/","url":"https:\/\/workshop.hufschmied.net\/drone-day-2025\/","name":"Drone Day 2025 - Hufschmied Zerspanungssysteme GmbH","isPartOf":{"@id":"https:\/\/workshop.hufschmied.net\/#website"},"datePublished":"2025-10-09T12:41:10+00:00","dateModified":"2025-11-27T06:25:32+00:00","breadcrumb":{"@id":"https:\/\/workshop.hufschmied.net\/drone-day-2025\/#breadcrumb"},"inLanguage":"en-US","potentialAction":[{"@type":"ReadAction","target":["https:\/\/workshop.hufschmied.net\/drone-day-2025\/"]}]},{"@type":"BreadcrumbList","@id":"https:\/\/workshop.hufschmied.net\/drone-day-2025\/#breadcrumb","itemListElement":[{"@type":"ListItem","position":1,"name":"Startseite","item":"https:\/\/workshop.hufschmied.net\/"},{"@type":"ListItem","position":2,"name":"Drone Day 2025"}]},{"@type":"WebSite","@id":"https:\/\/workshop.hufschmied.net\/#website","url":"https:\/\/workshop.hufschmied.net\/","name":"Hufschmied Zerspanungssysteme GmbH","description":"Workshops","publisher":{"@id":"https:\/\/workshop.hufschmied.net\/#organization"},"potentialAction":[{"@type":"SearchAction","target":{"@type":"EntryPoint","urlTemplate":"https:\/\/workshop.hufschmied.net\/?s={search_term_string}"},"query-input":"required name=search_term_string"}],"inLanguage":"en-US"},{"@type":"Organization","@id":"https:\/\/workshop.hufschmied.net\/#organization","name":"Hufschmied Zerspanungssysteme GmbH","url":"https:\/\/workshop.hufschmied.net\/","logo":{"@type":"ImageObject","inLanguage":"en-US","@id":"https:\/\/workshop.hufschmied.net\/#\/schema\/logo\/image\/","url":"https:\/\/workshop.hufschmied.net\/wp-content\/uploads\/HZ-Emblem-schwarz.png","contentUrl":"https:\/\/workshop.hufschmied.net\/wp-content\/uploads\/HZ-Emblem-schwarz.png","width":906,"height":779,"caption":"Hufschmied Zerspanungssysteme GmbH"},"image":{"@id":"https:\/\/workshop.hufschmied.net\/#\/schema\/logo\/image\/"}}]}},"_links":{"self":[{"href":"https:\/\/workshop.hufschmied.net\/en\/wp-json\/wp\/v2\/pages\/3863"}],"collection":[{"href":"https:\/\/workshop.hufschmied.net\/en\/wp-json\/wp\/v2\/pages"}],"about":[{"href":"https:\/\/workshop.hufschmied.net\/en\/wp-json\/wp\/v2\/types\/page"}],"author":[{"embeddable":true,"href":"https:\/\/workshop.hufschmied.net\/en\/wp-json\/wp\/v2\/users\/6"}],"replies":[{"embeddable":true,"href":"https:\/\/workshop.hufschmied.net\/en\/wp-json\/wp\/v2\/comments?post=3863"}],"version-history":[{"count":13,"href":"https:\/\/workshop.hufschmied.net\/en\/wp-json\/wp\/v2\/pages\/3863\/revisions"}],"predecessor-version":[{"id":3979,"href":"https:\/\/workshop.hufschmied.net\/en\/wp-json\/wp\/v2\/pages\/3863\/revisions\/3979"}],"wp:attachment":[{"href":"https:\/\/workshop.hufschmied.net\/en\/wp-json\/wp\/v2\/media?parent=3863"}],"curies":[{"name":"wp","href":"https:\/\/api.w.org\/{rel}","templated":true}]}}