{"id":3332,"date":"2025-02-24T11:30:24","date_gmt":"2025-02-24T10:30:24","guid":{"rendered":"https:\/\/workshop.hufschmied.net\/?page_id=3332"},"modified":"2025-07-16T07:23:10","modified_gmt":"2025-07-16T05:23:10","slug":"luftfahrttage-bobingen-2025","status":"publish","type":"page","link":"https:\/\/workshop.hufschmied.net\/en\/luftfahrttage-bobingen-2025\/","title":{"rendered":"Luftfahrttage 2025"},"content":{"rendered":"<div id=\"zusatz\" class=\"vc_row wpb_row vc_row-fluid vc_custom_1580198963738 vc_column-gap-15 vc_row-o-equal-height vc_row-flex\"><div class=\"wpb_column vc_column_container vc_col-sm-12\"><div class=\"vc_column-inner\"><div class=\"wpb_wrapper\"><div class=\"vc_btn3-container vc_btn3-inline\" ><a class=\"vc_general vc_btn3 vc_btn3-size-md vc_btn3-shape-rounded vc_btn3-style-modern vc_btn3-color-warning\" href=\"https:\/\/workshop.hufschmied.net\/aerospace-day-2025-en\/\" title=\"Aerospace Day 2025\">English<\/a><\/div>\n\t<div  class=\"wpb_single_image wpb_content_element vc_align_center\">\n\t\t\n\t\t<figure class=\"wpb_wrapper vc_figure\">\n\t\t\t<div class=\"vc_single_image-wrapper   vc_box_border_grey\"><img width=\"2560\" height=\"990\" src=\"https:\/\/workshop.hufschmied.net\/wp-content\/uploads\/LFT-Workshop-1-scaled.jpg\" class=\"vc_single_image-img attachment-full\" alt=\"\" decoding=\"async\" loading=\"lazy\" srcset=\"https:\/\/workshop.hufschmied.net\/wp-content\/uploads\/LFT-Workshop-1-scaled.jpg 2560w, https:\/\/workshop.hufschmied.net\/wp-content\/uploads\/LFT-Workshop-1-300x116.jpg 300w, https:\/\/workshop.hufschmied.net\/wp-content\/uploads\/LFT-Workshop-1-1024x396.jpg 1024w, https:\/\/workshop.hufschmied.net\/wp-content\/uploads\/LFT-Workshop-1-768x297.jpg 768w, https:\/\/workshop.hufschmied.net\/wp-content\/uploads\/LFT-Workshop-1-1536x594.jpg 1536w, https:\/\/workshop.hufschmied.net\/wp-content\/uploads\/LFT-Workshop-1-2048x792.jpg 2048w, https:\/\/workshop.hufschmied.net\/wp-content\/uploads\/LFT-Workshop-1-260x101.jpg 260w, https:\/\/workshop.hufschmied.net\/wp-content\/uploads\/LFT-Workshop-1-50x19.jpg 50w, https:\/\/workshop.hufschmied.net\/wp-content\/uploads\/LFT-Workshop-1-150x58.jpg 150w\" sizes=\"(max-width: 2560px) 100vw, 2560px\" \/><\/div>\n\t\t<\/figure>\n\t<\/div>\n<h2 style=\"font-size: 35px;line-height: 37px;text-align: left\" class=\"vc_custom_heading\" >Luftfahrttag 2025<\/h2><h2 style=\"text-align: left\" class=\"vc_custom_heading\" >Bobingen | 10.07.2025 | 09:30 - 18:00 Uhr<\/h2>\n\t<div class=\"wpb_text_column wpb_content_element \" >\n\t\t<div class=\"wpb_wrapper\">\n\t\t\t<p>Stabile Lieferketten, hohe Qualit\u00e4tsg\u00fcte sowie Investitionen in Automatisierung und digitale Fertigung, stehen angesichts geopolitischer Spannungen, versch\u00e4rfter Exportkontrollen, steigender Rohstoffkosten bei steigenden Fertigungsraten im Fokus. Unsere hochkar\u00e4tigen Keynote Speaker aus Industrie und Politik zeigen, welche Anforderungen OEMs und 1st-Tier-Lieferanten aktuell stellen und wie insbesondere kleine und mittelst\u00e4ndische Unternehmen ihre Innovationskraft und Kompetenzen optimal einbringen k\u00f6nnen:<\/p>\n<ul>\n<li>Norbert Peer &#8211; Managing Director, Premium AEROTEC, Airbus<\/li>\n<li>Dr.-Ing. Andreas Erber &#8211; Gesch\u00e4ftsf\u00fchrer, Mubea Aviation GmbH<\/li>\n<\/ul>\n<p>Dar\u00fcber hinaus erwarten Sie praxisnahe Live-Demonstrationen an unseren Fr\u00e4szentren sowie technologische Einblicke an den St\u00e4nden unserer Partner aus der Produktionstechnik. Nutzen Sie die Gelegenheit, um mit unseren Partnern und Ausstellern in den direkten Austausch zu treten \u2013 und neue gesch\u00e4ftliche Kontakte sowie Kooperationspotenziale zu erschlie\u00dfen.<\/p>\n<p>&nbsp;<\/p>\n<p><strong>Abendveranstaltung mit der Band Hoagascht<\/strong><\/p>\n<p>Nach einem Tag mit erstklassigem Catering l\u00e4dt der Abend ab 18 Uhr zu Live-Musik und entspanntem Networking ein \u2013 mit offenem Ausklang bis in die sp\u00e4ten Abendstunden.<\/p>\n\n\t\t<\/div>\n\t<\/div>\n<div class=\"vc_btn3-container vc_btn3-left\" ><a class=\"vc_general vc_btn3 vc_btn3-size-md vc_btn3-shape-rounded vc_btn3-style-modern vc_btn3-color-warning\" href=\"https:\/\/workshop.hufschmied.net\/wp-content\/uploads\/Luftfahrttag_Einladung_2025.pdf\" title=\"Luftfahrttag Einladung\" target=\"_blank\">Einladung als PDF<\/a><\/div><div class=\"vc_btn3-container vc_btn3-left\" ><a class=\"vc_general vc_btn3 vc_btn3-size-md vc_btn3-shape-rounded vc_btn3-style-modern vc_btn3-color-warning\" href=\"https:\/\/workshop.hufschmied.net\/wp-content\/uploads\/Programm-Luftfahrttag-Final.pdf\" title=\"Luftfahrttag Einladung\" target=\"_blank\">Tagesprogramm als PDF<\/a><\/div><div class=\"vc_btn3-container vc_btn3-left\" ><a class=\"vc_general vc_btn3 vc_btn3-size-md vc_btn3-shape-rounded vc_btn3-style-modern vc_btn3-color-warning\" href=\"https:\/\/workshop.hufschmied.net\/wp-content\/uploads\/Luftfahrttag-Programm-DE.pdf\" title=\"Luftfahrttag Einladung\" target=\"_blank\">Programm als PDF<\/a><\/div>\n\t<div class=\"wpb_text_column wpb_content_element \" >\n\t\t<div class=\"wpb_wrapper\">\n\t\t\t\n\t\t<\/div>\n\t<\/div>\n<\/div><\/div><\/div><div class=\"wpb_column vc_column_container vc_col-sm-12\"><div class=\"vc_column-inner\"><div class=\"wpb_wrapper\"><\/div><\/div><\/div><\/div><div class=\"vc_row wpb_row vc_row-fluid\"><div class=\"wpb_column vc_column_container vc_col-sm-12\"><div class=\"vc_column-inner\"><div class=\"wpb_wrapper\">\n\t<div  class=\"wpb_single_image wpb_content_element vc_align_center\">\n\t\t\n\t\t<figure class=\"wpb_wrapper vc_figure\">\n\t\t\t<div class=\"vc_single_image-wrapper   vc_box_border_grey\"><img width=\"1025\" height=\"414\" src=\"https:\/\/workshop.hufschmied.net\/wp-content\/uploads\/Logos-LFT-2025.png\" class=\"vc_single_image-img attachment-full\" alt=\"\" decoding=\"async\" loading=\"lazy\" srcset=\"https:\/\/workshop.hufschmied.net\/wp-content\/uploads\/Logos-LFT-2025.png 1025w, https:\/\/workshop.hufschmied.net\/wp-content\/uploads\/Logos-LFT-2025-300x121.png 300w, https:\/\/workshop.hufschmied.net\/wp-content\/uploads\/Logos-LFT-2025-768x310.png 768w, https:\/\/workshop.hufschmied.net\/wp-content\/uploads\/Logos-LFT-2025-260x105.png 260w, https:\/\/workshop.hufschmied.net\/wp-content\/uploads\/Logos-LFT-2025-50x20.png 50w, https:\/\/workshop.hufschmied.net\/wp-content\/uploads\/Logos-LFT-2025-150x61.png 150w\" sizes=\"(max-width: 1025px) 100vw, 1025px\" \/><\/div>\n\t\t<\/figure>\n\t<\/div>\n<div class=\"vc_row wpb_row vc_inner vc_row-fluid\"><div class=\"wpb_column vc_column_container vc_col-sm-12\"><div class=\"vc_column-inner\"><div class=\"wpb_wrapper\"><\/div><\/div><\/div><\/div><\/div><\/div><\/div><\/div><div id=\"Anfahrt\" data-vc-full-width=\"true\" data-vc-full-width-init=\"false\" data-vc-stretch-content=\"true\" class=\"vc_row wpb_row vc_row-fluid map vc_row-no-padding vc_row-o-equal-height vc_row-o-content-middle vc_row-flex\"><div class=\"wpb_column vc_column_container vc_col-sm-8\"><div class=\"vc_column-inner vc_custom_1556893313806\"><div class=\"wpb_wrapper\">\n\t<div class=\"wpb_raw_code wpb_content_element wpb_raw_html\" >\n\t\t<div class=\"wpb_wrapper\">\n\t\t\t<div id=\"googlemap-custom\" style=\"height:460px;width:100%;\"><\/div>\n<script src=\"https:\/\/maps.googleapis.com\/maps\/api\/js?v=3.5exp&amp;sensor=false&amp;vector=0&key=AIzaSyD874-cTOTrqPWX_z2bCfFtTdE7oQ-j7ZY\"><\/script>\n\n<script>\n\n\n\n\nfunction initialize() { \n\tvar map; \n\tvar styles = [\n\t{\n\t\tstylers: [\n\t\t{ hue: \"\" },\n\t\t{ saturation: 300}\n\t\t]\n\t},{\n\t\tfeatureType: \"all\",\n\t\tstylers: [\n\t\t{saturation: -100},\n\t\t{gamma: 0.90}\n\t\t]\n\t},{\n\t\tfeatureType: \"road.highway\",\n\t\telementType: \"labels.icons\",\n\t\tstylers: [\n\t\t{ visibility: \"on\" }\n\t\t]\n\t},\n\t{\n\t\t\"featureType\": \"poi.business\",\n\t\t\"elementType\": \"labels.icon\",\n\t\t\"stylers\": [\n\t\t{ \"weight\": 5.7 },\n\t\t{ \"invert_lightness\": true },\n\t\t{ \"visibility\": \"off\" }\n\t\t]\n\t},\n    ];\n    \n\n\n\tvar pinLatLng = new google.maps.LatLng(48.271350,10.842240); \n\tvar marker = new google.maps.Marker({ \n\t\tposition: pinLatLng, \n\t\ttitle:\"HUFSCHMIED Zerspanungssysteme GmbH\",\n\t\tclickable: true,\n    });\n    \n\n\n      \n\tvar styledMap = new google.maps.StyledMapType(styles,\n\t\t{name: \"Styled Map\"});\n\tvar mapOptions = {\n\t\tzoom: 14,\n\t\tcenter: new google.maps.LatLng(48.271350,10.842240),\n\t\tscrollwheel: false, \n\t\tdisableDefaultUI: false,\n\t\tscaleControl: false, \n\t\tpanControl: true,\n\t\tzoomControl: true,\n\t\tmapTypeControl: true,\n\t\tstreetViewControl: true,\n\t\tstreetViewControlOptions: {\n\t\t\tposition: google.maps.ControlPosition.LEFT_BOTTOM\n\t\t},\n\t\toverviewMapControl: true,\n\t};\n\tmap = new google.maps.Map(document.getElementById('googlemap-custom'), mapOptions);\n\tmap.mapTypes.set('map_style', styledMap);\n\tmap.setMapTypeId('map_style');\n\tmarker.setIcon('\/wp-content\/uploads\/2018\/04\/marker-small.png')\n\tmarker.setMap(map);\n\t\n}\n\n\n\n\ngoogle.maps.event.addDomListener(window, 'load', initialize);\n<\/script>\n\n\t\t<\/div>\n\t<\/div>\n<\/div><\/div><\/div><div class=\"wpb_column vc_column_container vc_col-sm-4 vc_col-has-fill\"><div class=\"vc_column-inner vc_custom_1524558184318\"><div class=\"wpb_wrapper\">\n\t<div class=\"wpb_text_column wpb_content_element  vc_custom_1692793315837\" >\n\t\t<div class=\"wpb_wrapper\">\n\t\t\t<h2><span style=\"color: #000000;\" data-darkreader-inline-color=\"\">IHR ANSPRECHPARTNER<\/span><\/h2>\n\n\t\t<\/div>\n\t<\/div>\n\n\t<div class=\"wpb_text_column wpb_content_element  vc_custom_1692349356204\" >\n\t\t<div class=\"wpb_wrapper\">\n\t\t\t<p><a href=\"mailto: f.winkler@hufschmied.net\">Felix Winkler<\/a><\/p>\n\n\t\t<\/div>\n\t<\/div>\n\n\t<div class=\"wpb_text_column wpb_content_element  vc_custom_1692350499721\" >\n\t\t<div class=\"wpb_wrapper\">\n\t\t\t<h2><span style=\"color: #000000;\" data-darkreader-inline-color=\"\">ADRESSE<\/span><\/h2>\n<p><strong>Hufschmied Zerspanungssysteme GmbH<\/strong><br \/>\nEdisonstra\u00dfe 11d<br \/>\n86399 Bobingen<br \/>\nDeutschland<\/p>\n<p><i class=\"icon-call\" style=\"\"><\/i> +49823496640<\/p>\n<p><i class=\"icon-globe\" style=\"\"><\/i> <a href=\"https:\/\/www.hufschmied.net\">Website<\/a><\/p>\n\n\t\t<\/div>\n\t<\/div>\n<\/div><\/div><\/div><\/div><div class=\"vc_row-full-width vc_clearfix\"><\/div>\n","protected":false},"excerpt":{"rendered":"English Luftfahrttag 2025Bobingen | 10.07.2025 | 09:30 - 18:00 Uhr Stabile Lieferketten, hohe Qualit\u00e4tsg\u00fcte sowie Investitionen in Automatisierung und digitale Fertigung, stehen angesichts geopolitischer Spannungen, versch\u00e4rfter<span class=\"excerpt-hellip\"> [\u2026]<\/span>","protected":false},"author":6,"featured_media":0,"parent":0,"menu_order":10,"comment_status":"closed","ping_status":"closed","template":"","meta":{"footnotes":""},"yoast_head":"<!-- This site is optimized with the Yoast SEO plugin v22.3 - https:\/\/yoast.com\/wordpress\/plugins\/seo\/ -->\n<title>Luftfahrttage 2025 - Hufschmied Zerspanungssysteme GmbH<\/title>\n<meta name=\"robots\" content=\"index, follow, max-snippet:-1, max-image-preview:large, max-video-preview:-1\" \/>\n<link rel=\"canonical\" href=\"https:\/\/workshop.hufschmied.net\/en\/luftfahrttage-bobingen-2025\/\" \/>\n<meta property=\"og:locale\" content=\"en_US\" \/>\n<meta property=\"og:type\" content=\"article\" \/>\n<meta property=\"og:title\" content=\"Luftfahrttage 2025 - Hufschmied Zerspanungssysteme GmbH\" \/>\n<meta property=\"og:url\" content=\"https:\/\/workshop.hufschmied.net\/en\/luftfahrttage-bobingen-2025\/\" \/>\n<meta property=\"og:site_name\" content=\"Hufschmied Zerspanungssysteme GmbH\" \/>\n<meta property=\"article:modified_time\" content=\"2025-07-16T05:23:10+00:00\" \/>\n<meta name=\"twitter:card\" content=\"summary_large_image\" \/>\n<meta name=\"twitter:label1\" content=\"Est. reading time\" \/>\n\t<meta name=\"twitter:data1\" content=\"2 minutes\" \/>\n<script type=\"application\/ld+json\" class=\"yoast-schema-graph\">{\"@context\":\"https:\/\/schema.org\",\"@graph\":[{\"@type\":\"WebPage\",\"@id\":\"https:\/\/workshop.hufschmied.net\/luftfahrttage-bobingen-2025\/\",\"url\":\"https:\/\/workshop.hufschmied.net\/luftfahrttage-bobingen-2025\/\",\"name\":\"Luftfahrttage 2025 - Hufschmied Zerspanungssysteme GmbH\",\"isPartOf\":{\"@id\":\"https:\/\/workshop.hufschmied.net\/#website\"},\"datePublished\":\"2025-02-24T10:30:24+00:00\",\"dateModified\":\"2025-07-16T05:23:10+00:00\",\"breadcrumb\":{\"@id\":\"https:\/\/workshop.hufschmied.net\/luftfahrttage-bobingen-2025\/#breadcrumb\"},\"inLanguage\":\"en-US\",\"potentialAction\":[{\"@type\":\"ReadAction\",\"target\":[\"https:\/\/workshop.hufschmied.net\/luftfahrttage-bobingen-2025\/\"]}]},{\"@type\":\"BreadcrumbList\",\"@id\":\"https:\/\/workshop.hufschmied.net\/luftfahrttage-bobingen-2025\/#breadcrumb\",\"itemListElement\":[{\"@type\":\"ListItem\",\"position\":1,\"name\":\"Startseite\",\"item\":\"https:\/\/workshop.hufschmied.net\/\"},{\"@type\":\"ListItem\",\"position\":2,\"name\":\"Luftfahrttage 2025\"}]},{\"@type\":\"WebSite\",\"@id\":\"https:\/\/workshop.hufschmied.net\/#website\",\"url\":\"https:\/\/workshop.hufschmied.net\/\",\"name\":\"Hufschmied Zerspanungssysteme GmbH\",\"description\":\"Workshops\",\"publisher\":{\"@id\":\"https:\/\/workshop.hufschmied.net\/#organization\"},\"potentialAction\":[{\"@type\":\"SearchAction\",\"target\":{\"@type\":\"EntryPoint\",\"urlTemplate\":\"https:\/\/workshop.hufschmied.net\/?s={search_term_string}\"},\"query-input\":\"required name=search_term_string\"}],\"inLanguage\":\"en-US\"},{\"@type\":\"Organization\",\"@id\":\"https:\/\/workshop.hufschmied.net\/#organization\",\"name\":\"Hufschmied Zerspanungssysteme GmbH\",\"url\":\"https:\/\/workshop.hufschmied.net\/\",\"logo\":{\"@type\":\"ImageObject\",\"inLanguage\":\"en-US\",\"@id\":\"https:\/\/workshop.hufschmied.net\/#\/schema\/logo\/image\/\",\"url\":\"https:\/\/workshop.hufschmied.net\/wp-content\/uploads\/HZ-Emblem-schwarz.png\",\"contentUrl\":\"https:\/\/workshop.hufschmied.net\/wp-content\/uploads\/HZ-Emblem-schwarz.png\",\"width\":906,\"height\":779,\"caption\":\"Hufschmied Zerspanungssysteme GmbH\"},\"image\":{\"@id\":\"https:\/\/workshop.hufschmied.net\/#\/schema\/logo\/image\/\"}}]}<\/script>\n<!-- \/ Yoast SEO plugin. -->","yoast_head_json":{"title":"Luftfahrttage 2025 - Hufschmied Zerspanungssysteme GmbH","robots":{"index":"index","follow":"follow","max-snippet":"max-snippet:-1","max-image-preview":"max-image-preview:large","max-video-preview":"max-video-preview:-1"},"canonical":"https:\/\/workshop.hufschmied.net\/en\/luftfahrttage-bobingen-2025\/","og_locale":"en_US","og_type":"article","og_title":"Luftfahrttage 2025 - Hufschmied Zerspanungssysteme GmbH","og_url":"https:\/\/workshop.hufschmied.net\/en\/luftfahrttage-bobingen-2025\/","og_site_name":"Hufschmied Zerspanungssysteme GmbH","article_modified_time":"2025-07-16T05:23:10+00:00","twitter_card":"summary_large_image","twitter_misc":{"Est. reading time":"2 minutes"},"schema":{"@context":"https:\/\/schema.org","@graph":[{"@type":"WebPage","@id":"https:\/\/workshop.hufschmied.net\/luftfahrttage-bobingen-2025\/","url":"https:\/\/workshop.hufschmied.net\/luftfahrttage-bobingen-2025\/","name":"Luftfahrttage 2025 - Hufschmied Zerspanungssysteme GmbH","isPartOf":{"@id":"https:\/\/workshop.hufschmied.net\/#website"},"datePublished":"2025-02-24T10:30:24+00:00","dateModified":"2025-07-16T05:23:10+00:00","breadcrumb":{"@id":"https:\/\/workshop.hufschmied.net\/luftfahrttage-bobingen-2025\/#breadcrumb"},"inLanguage":"en-US","potentialAction":[{"@type":"ReadAction","target":["https:\/\/workshop.hufschmied.net\/luftfahrttage-bobingen-2025\/"]}]},{"@type":"BreadcrumbList","@id":"https:\/\/workshop.hufschmied.net\/luftfahrttage-bobingen-2025\/#breadcrumb","itemListElement":[{"@type":"ListItem","position":1,"name":"Startseite","item":"https:\/\/workshop.hufschmied.net\/"},{"@type":"ListItem","position":2,"name":"Luftfahrttage 2025"}]},{"@type":"WebSite","@id":"https:\/\/workshop.hufschmied.net\/#website","url":"https:\/\/workshop.hufschmied.net\/","name":"Hufschmied Zerspanungssysteme GmbH","description":"Workshops","publisher":{"@id":"https:\/\/workshop.hufschmied.net\/#organization"},"potentialAction":[{"@type":"SearchAction","target":{"@type":"EntryPoint","urlTemplate":"https:\/\/workshop.hufschmied.net\/?s={search_term_string}"},"query-input":"required name=search_term_string"}],"inLanguage":"en-US"},{"@type":"Organization","@id":"https:\/\/workshop.hufschmied.net\/#organization","name":"Hufschmied Zerspanungssysteme GmbH","url":"https:\/\/workshop.hufschmied.net\/","logo":{"@type":"ImageObject","inLanguage":"en-US","@id":"https:\/\/workshop.hufschmied.net\/#\/schema\/logo\/image\/","url":"https:\/\/workshop.hufschmied.net\/wp-content\/uploads\/HZ-Emblem-schwarz.png","contentUrl":"https:\/\/workshop.hufschmied.net\/wp-content\/uploads\/HZ-Emblem-schwarz.png","width":906,"height":779,"caption":"Hufschmied Zerspanungssysteme GmbH"},"image":{"@id":"https:\/\/workshop.hufschmied.net\/#\/schema\/logo\/image\/"}}]}},"_links":{"self":[{"href":"https:\/\/workshop.hufschmied.net\/en\/wp-json\/wp\/v2\/pages\/3332"}],"collection":[{"href":"https:\/\/workshop.hufschmied.net\/en\/wp-json\/wp\/v2\/pages"}],"about":[{"href":"https:\/\/workshop.hufschmied.net\/en\/wp-json\/wp\/v2\/types\/page"}],"author":[{"embeddable":true,"href":"https:\/\/workshop.hufschmied.net\/en\/wp-json\/wp\/v2\/users\/6"}],"replies":[{"embeddable":true,"href":"https:\/\/workshop.hufschmied.net\/en\/wp-json\/wp\/v2\/comments?post=3332"}],"version-history":[{"count":45,"href":"https:\/\/workshop.hufschmied.net\/en\/wp-json\/wp\/v2\/pages\/3332\/revisions"}],"predecessor-version":[{"id":3840,"href":"https:\/\/workshop.hufschmied.net\/en\/wp-json\/wp\/v2\/pages\/3332\/revisions\/3840"}],"wp:attachment":[{"href":"https:\/\/workshop.hufschmied.net\/en\/wp-json\/wp\/v2\/media?parent=3332"}],"curies":[{"name":"wp","href":"https:\/\/api.w.org\/{rel}","templated":true}]}}