{"id":2889,"date":"2024-03-13T07:33:58","date_gmt":"2024-03-13T06:33:58","guid":{"rendered":"https:\/\/workshop.hufschmied.net\/?page_id=2889"},"modified":"2024-04-30T07:48:43","modified_gmt":"2024-04-30T05:48:43","slug":"bipolarplatten-workshop-2024","status":"publish","type":"page","link":"https:\/\/workshop.hufschmied.net\/en\/bipolarplatten-workshop-2024\/","title":{"rendered":"Bipolarplatten Workshop 2024"},"content":{"rendered":"<div id=\"zusatz\" class=\"vc_row wpb_row vc_row-fluid vc_custom_1580198963738 vc_column-gap-15 vc_row-o-equal-height vc_row-flex\"><div class=\"wpb_column vc_column_container vc_col-sm-12\"><div class=\"vc_column-inner\"><div class=\"wpb_wrapper\"><h2 style=\"font-size: 35px;line-height: 37px;text-align: left\" class=\"vc_custom_heading\" >Bipolarplatten Workshop<\/h2><h2 style=\"text-align: left\" class=\"vc_custom_heading\" >Bobingen | 24.04.2024 | 10:00 - 15:30 Uhr<\/h2>\n\t<div class=\"wpb_text_column wpb_content_element \" >\n\t\t<div class=\"wpb_wrapper\">\n\t\t\t<p>Unser Workshop bietet einen umfassenden Einblick in die sich rasant entwickelnde Technologie f\u00fcr die Herstellung von Brennstoffzellen. Bipolarplatten in gro\u00dfen Volumina herzustellen, erfordert neue Bearbeitungsstrategien. \u00dcberzeugen Sie sich von einer aufbauenden Prozesskette. Wir beleuchten in dem Workshop das Grundmaterial f\u00fcr Pr\u00e4gewerkzeuge, die CAD\/ CAM Strategien, neue Werkzeuge aus dem Haus Hufschmied, die beeindruckende Agilit\u00e4t einer R\u00f6ders-Maschine sowie eine optimale Messstrategie. Dieser ganzheitliche Ansatz macht unseren Workshop einzigartig und erm\u00f6glicht es Ihnen, wertvolle Einblicke zu gewinnen, die Ihre Fertigung nachhaltig verbessern wird.<\/p>\n\n\t\t<\/div>\n\t<\/div>\n<div class=\"wpb_images_carousel wpb_content_element vc_clearfix\"><div class=\"wpb_wrapper\"><h2 class=\"wpb_heading wpb_gallery_heading\">Unsere Partner<\/h2><div id=\"vc_images-carousel-1-1776675380\" data-ride=\"vc_carousel\" data-wrap=\"false\" style=\"width: 150px;\" data-interval=\"0\" data-auto-height=\"yes\" data-mode=\"horizontal\" data-partial=\"false\" data-per-view=\"5\" data-hide-on-end=\"true\" class=\"vc_slide vc_images_carousel\"><div class=\"vc_carousel-inner\"><div class=\"vc_carousel-slideline\"><div class=\"vc_carousel-slideline-inner\"><div class=\"vc_item\"><div class=\"vc_inner\"><img width=\"150\" height=\"150\" src=\"https:\/\/workshop.hufschmied.net\/wp-content\/uploads\/Boehler-1000-150x150.png\" class=\"attachment-thumbnail\" alt=\"\" decoding=\"async\" loading=\"lazy\" srcset=\"https:\/\/workshop.hufschmied.net\/wp-content\/uploads\/Boehler-1000-150x150.png 150w, https:\/\/workshop.hufschmied.net\/wp-content\/uploads\/Boehler-1000-300x300.png 300w, https:\/\/workshop.hufschmied.net\/wp-content\/uploads\/Boehler-1000-768x768.png 768w, https:\/\/workshop.hufschmied.net\/wp-content\/uploads\/Boehler-1000-146x146.png 146w, https:\/\/workshop.hufschmied.net\/wp-content\/uploads\/Boehler-1000-50x50.png 50w, https:\/\/workshop.hufschmied.net\/wp-content\/uploads\/Boehler-1000-75x75.png 75w, https:\/\/workshop.hufschmied.net\/wp-content\/uploads\/Boehler-1000-85x85.png 85w, https:\/\/workshop.hufschmied.net\/wp-content\/uploads\/Boehler-1000-80x80.png 80w, https:\/\/workshop.hufschmied.net\/wp-content\/uploads\/Boehler-1000.png 1000w\" sizes=\"(max-width: 150px) 100vw, 150px\" \/><\/div><\/div><div class=\"vc_item\"><div class=\"vc_inner\"><img width=\"150\" height=\"150\" src=\"https:\/\/workshop.hufschmied.net\/wp-content\/uploads\/hypermill-150x150.png\" class=\"attachment-thumbnail\" alt=\"\" decoding=\"async\" loading=\"lazy\" srcset=\"https:\/\/workshop.hufschmied.net\/wp-content\/uploads\/hypermill-150x150.png 150w, https:\/\/workshop.hufschmied.net\/wp-content\/uploads\/hypermill-300x300.png 300w, https:\/\/workshop.hufschmied.net\/wp-content\/uploads\/hypermill-768x768.png 768w, https:\/\/workshop.hufschmied.net\/wp-content\/uploads\/hypermill-146x146.png 146w, https:\/\/workshop.hufschmied.net\/wp-content\/uploads\/hypermill-50x50.png 50w, https:\/\/workshop.hufschmied.net\/wp-content\/uploads\/hypermill-75x75.png 75w, https:\/\/workshop.hufschmied.net\/wp-content\/uploads\/hypermill-85x85.png 85w, https:\/\/workshop.hufschmied.net\/wp-content\/uploads\/hypermill-80x80.png 80w, https:\/\/workshop.hufschmied.net\/wp-content\/uploads\/hypermill.png 1000w\" sizes=\"(max-width: 150px) 100vw, 150px\" \/><\/div><\/div><div class=\"vc_item\"><div class=\"vc_inner\"><img width=\"150\" height=\"150\" src=\"https:\/\/workshop.hufschmied.net\/wp-content\/uploads\/roeders-150x150.jpg\" class=\"attachment-thumbnail\" alt=\"\" decoding=\"async\" loading=\"lazy\" srcset=\"https:\/\/workshop.hufschmied.net\/wp-content\/uploads\/roeders-150x150.jpg 150w, https:\/\/workshop.hufschmied.net\/wp-content\/uploads\/roeders-85x85.jpg 85w, https:\/\/workshop.hufschmied.net\/wp-content\/uploads\/roeders-80x80.jpg 80w\" sizes=\"(max-width: 150px) 100vw, 150px\" \/><\/div><\/div><div class=\"vc_item\"><div class=\"vc_inner\"><img width=\"150\" height=\"150\" src=\"https:\/\/workshop.hufschmied.net\/wp-content\/uploads\/Zeiss-150x150.png\" class=\"attachment-thumbnail\" alt=\"\" decoding=\"async\" loading=\"lazy\" srcset=\"https:\/\/workshop.hufschmied.net\/wp-content\/uploads\/Zeiss-150x150.png 150w, https:\/\/workshop.hufschmied.net\/wp-content\/uploads\/Zeiss-300x300.png 300w, https:\/\/workshop.hufschmied.net\/wp-content\/uploads\/Zeiss-768x768.png 768w, https:\/\/workshop.hufschmied.net\/wp-content\/uploads\/Zeiss-146x146.png 146w, https:\/\/workshop.hufschmied.net\/wp-content\/uploads\/Zeiss-50x50.png 50w, https:\/\/workshop.hufschmied.net\/wp-content\/uploads\/Zeiss-75x75.png 75w, https:\/\/workshop.hufschmied.net\/wp-content\/uploads\/Zeiss-85x85.png 85w, https:\/\/workshop.hufschmied.net\/wp-content\/uploads\/Zeiss-80x80.png 80w, https:\/\/workshop.hufschmied.net\/wp-content\/uploads\/Zeiss.png 1000w\" sizes=\"(max-width: 150px) 100vw, 150px\" \/><\/div><\/div><div class=\"vc_item\"><div class=\"vc_inner\"><img width=\"150\" height=\"150\" src=\"https:\/\/workshop.hufschmied.net\/wp-content\/uploads\/MHT-150x150.jpg\" class=\"attachment-thumbnail\" alt=\"\" decoding=\"async\" loading=\"lazy\" srcset=\"https:\/\/workshop.hufschmied.net\/wp-content\/uploads\/MHT-150x150.jpg 150w, https:\/\/workshop.hufschmied.net\/wp-content\/uploads\/MHT-300x300.jpg 300w, https:\/\/workshop.hufschmied.net\/wp-content\/uploads\/MHT-768x768.jpg 768w, https:\/\/workshop.hufschmied.net\/wp-content\/uploads\/MHT-146x146.jpg 146w, https:\/\/workshop.hufschmied.net\/wp-content\/uploads\/MHT-50x50.jpg 50w, https:\/\/workshop.hufschmied.net\/wp-content\/uploads\/MHT-75x75.jpg 75w, https:\/\/workshop.hufschmied.net\/wp-content\/uploads\/MHT-85x85.jpg 85w, https:\/\/workshop.hufschmied.net\/wp-content\/uploads\/MHT-80x80.jpg 80w, https:\/\/workshop.hufschmied.net\/wp-content\/uploads\/MHT.jpg 1000w\" sizes=\"(max-width: 150px) 100vw, 150px\" \/><\/div><\/div><\/div><\/div><\/div><\/div><\/div><\/div>\n\t<div class=\"wpb_text_column wpb_content_element \" >\n\t\t<div class=\"wpb_wrapper\">\n\t\t\t<h4><strong>AGENDA<\/strong><\/h4>\n<ul>\n<li>10:00 Uhr: Einlass<\/li>\n<li>10:30 Uhr: Begr\u00fc\u00dfung<\/li>\n<li>10:45 Uhr: Fachvortrag B\u00f6hler | \u201eB\u00f6hler K888 Matrix \u2013 Ein innovativer Kaltarbeitsstahl als Basis zur wirtschaftlichen Herstellung von Bipolarplatten-Umformwerkzeugen\u201c, Marc Geile \u2013 Technischer Service B\u00f6hler<\/li>\n<li>11:15 Uhr: Fachvortrag OPENMIND | \u201eCAD\/CAM Strategie f\u00fcr die Bearbeitung\/Programmierung von Bipolarplatten-Umformwerkzeugen\u201c, Marc Maier &amp; Klaus Beckmann<\/li>\n<li>11:45 Uhr: Fachvortrag R\u00f6ders TEC | \u201eHerausforderungen an die Fr\u00e4smaschine f\u00fcr die wirtschaftliche Herstellung von Presswerkzeugen f\u00fcr Bipolarplatten\u201c, Dr. -Ing. Oliver Gossel, Vertriebsleiter R\u00f6ders<\/li>\n<li>12:15 Uhr: Mittagspause<\/li>\n<li>13:00 Uhr: Fachvortrag Hufschmied |\u201cHochpr\u00e4zisionswerkzeuge f\u00fcr eine wirtschaftliche Zerspanung im Volumensegment Bipolar, Mathis Toppm\u00f6ller, Business Development Manager<\/li>\n<li>13:30 Uhr: Fachvortrag MHT GmbH | \u201eDer Mediumverteiler als wichtiger Baustein in der Hochpr\u00e4zision und Oberfl\u00e4chengenauigkeit\u201c, Herbert Merz, Gesch\u00e4ftsf\u00fchrer MHT<\/li>\n<li>14:00 Uhr: Fachvortrag ZEISS | \u201eQualit\u00e4tskontrolle von Brennstoffzellen \u2013Optimierung bei der Produktion von Bipolarplatten und der Werkzeugkorrektur\u201c, Matthias Schneider, Sales Development Manager<\/li>\n<li>14:30 Uhr: \u201eVorstellung der erreichten Ergebnisse\u201c: MHT, Hufschmied, Open Mind, R\u00f6ders<\/li>\n<li>14:45 Uhr: Live-Pr\u00e4sentation des Bauteils in der Engineering Halle<\/li>\n<li>15:15 Uhr: Come Together &amp; Verabschiedung<\/li>\n<li>15:30 Uhr: Ende der Veranstaltung<\/li>\n<\/ul>\n\n\t\t<\/div>\n\t<\/div>\n\n\t<div class=\"wpb_text_column wpb_content_element \" >\n\t\t<div class=\"wpb_wrapper\">\n\t\t\t\n\t\t<\/div>\n\t<\/div>\n<h3 style=\"text-align: center\" class=\"vc_custom_heading\" >Die Anmeldefrist ist abgelaufen, da wir das maximale Teilnehmerlimit erreicht haben. Vielen Dank an alle, die sich angemeldet haben<\/h3><\/div><\/div><\/div><\/div><div id=\"Anfahrt\" data-vc-full-width=\"true\" data-vc-full-width-init=\"false\" data-vc-stretch-content=\"true\" class=\"vc_row wpb_row vc_row-fluid map vc_row-no-padding vc_row-o-equal-height vc_row-o-content-middle vc_row-flex\"><div class=\"wpb_column vc_column_container vc_col-sm-8\"><div class=\"vc_column-inner vc_custom_1556893313806\"><div class=\"wpb_wrapper\">\n\t<div class=\"wpb_raw_code wpb_content_element wpb_raw_html\" >\n\t\t<div class=\"wpb_wrapper\">\n\t\t\t<div id=\"googlemap-custom\" style=\"height:460px;width:100%;\"><\/div>\n<script src=\"https:\/\/maps.googleapis.com\/maps\/api\/js?v=3.5exp&amp;sensor=false&amp;vector=0&key=AIzaSyD874-cTOTrqPWX_z2bCfFtTdE7oQ-j7ZY\"><\/script>\n\n<script>\n\n\n\n\nfunction initialize() { \n\tvar map; \n\tvar styles = [\n\t{\n\t\tstylers: [\n\t\t{ hue: \"\" },\n\t\t{ saturation: 300}\n\t\t]\n\t},{\n\t\tfeatureType: \"all\",\n\t\tstylers: [\n\t\t{saturation: -100},\n\t\t{gamma: 0.90}\n\t\t]\n\t},{\n\t\tfeatureType: \"road.highway\",\n\t\telementType: \"labels.icons\",\n\t\tstylers: [\n\t\t{ visibility: \"on\" }\n\t\t]\n\t},\n\t{\n\t\t\"featureType\": \"poi.business\",\n\t\t\"elementType\": \"labels.icon\",\n\t\t\"stylers\": [\n\t\t{ \"weight\": 5.7 },\n\t\t{ \"invert_lightness\": true },\n\t\t{ \"visibility\": \"off\" }\n\t\t]\n\t},\n    ];\n    \n\n\n\tvar pinLatLng = new google.maps.LatLng(48.271350,10.842240); \n\tvar marker = new google.maps.Marker({ \n\t\tposition: pinLatLng, \n\t\ttitle:\"HUFSCHMIED Zerspanungssysteme GmbH\",\n\t\tclickable: true,\n    });\n    \n\n\n      \n\tvar styledMap = new google.maps.StyledMapType(styles,\n\t\t{name: \"Styled Map\"});\n\tvar mapOptions = {\n\t\tzoom: 14,\n\t\tcenter: new google.maps.LatLng(48.271350,10.842240),\n\t\tscrollwheel: false, \n\t\tdisableDefaultUI: false,\n\t\tscaleControl: false, \n\t\tpanControl: true,\n\t\tzoomControl: true,\n\t\tmapTypeControl: true,\n\t\tstreetViewControl: true,\n\t\tstreetViewControlOptions: {\n\t\t\tposition: google.maps.ControlPosition.LEFT_BOTTOM\n\t\t},\n\t\toverviewMapControl: true,\n\t};\n\tmap = new google.maps.Map(document.getElementById('googlemap-custom'), mapOptions);\n\tmap.mapTypes.set('map_style', styledMap);\n\tmap.setMapTypeId('map_style');\n\tmarker.setIcon('\/wp-content\/uploads\/2018\/04\/marker-small.png')\n\tmarker.setMap(map);\n\t\n}\n\n\n\n\ngoogle.maps.event.addDomListener(window, 'load', initialize);\n<\/script>\n\n\t\t<\/div>\n\t<\/div>\n<\/div><\/div><\/div><div class=\"wpb_column vc_column_container vc_col-sm-4 vc_col-has-fill\"><div class=\"vc_column-inner vc_custom_1524558184318\"><div class=\"wpb_wrapper\">\n\t<div class=\"wpb_text_column wpb_content_element  vc_custom_1692793315837\" >\n\t\t<div class=\"wpb_wrapper\">\n\t\t\t<h2><span style=\"color: #000000;\" data-darkreader-inline-color=\"\">IHR ANSPRECHPARTNER<\/span><\/h2>\n\n\t\t<\/div>\n\t<\/div>\n\n\t<div class=\"wpb_text_column wpb_content_element  vc_custom_1692349356204\" >\n\t\t<div class=\"wpb_wrapper\">\n\t\t\t<p><a href=\"mailto: f.winkler@hufschmied.net\">Felix Winkler<\/a><\/p>\n\n\t\t<\/div>\n\t<\/div>\n\n\t<div class=\"wpb_text_column wpb_content_element  vc_custom_1692350499721\" >\n\t\t<div class=\"wpb_wrapper\">\n\t\t\t<h2><span style=\"color: #000000;\" data-darkreader-inline-color=\"\">ADRESSE<\/span><\/h2>\n<p><strong>Hufschmied Zerspanungssysteme GmbH<\/strong><br \/>\nEdisonstra\u00dfe 11d<br \/>\n86399 Bobingen<br \/>\nDeutschland<\/p>\n<p><i class=\"icon-call\" style=\"\"><\/i> +49823496640<\/p>\n<p><i class=\"icon-globe\" style=\"\"><\/i> <a href=\"https:\/\/www.hufschmied.net\">Website<\/a><\/p>\n\n\t\t<\/div>\n\t<\/div>\n<\/div><\/div><\/div><\/div><div class=\"vc_row-full-width vc_clearfix\"><\/div>\n","protected":false},"excerpt":{"rendered":"Bipolarplatten WorkshopBobingen | 24.04.2024 | 10:00 - 15:30 Uhr Unser Workshop bietet einen umfassenden Einblick in die sich rasant entwickelnde Technologie f\u00fcr die Herstellung von Brennstoffzellen.<span class=\"excerpt-hellip\"> [\u2026]<\/span>","protected":false},"author":6,"featured_media":0,"parent":0,"menu_order":10,"comment_status":"closed","ping_status":"closed","template":"","meta":{"footnotes":""},"yoast_head":"<!-- This site is optimized with the Yoast SEO plugin v22.3 - https:\/\/yoast.com\/wordpress\/plugins\/seo\/ -->\n<title>Bipolarplatten Workshop 2024 - Hufschmied Zerspanungssysteme GmbH<\/title>\n<meta name=\"robots\" content=\"index, follow, max-snippet:-1, max-image-preview:large, max-video-preview:-1\" \/>\n<link rel=\"canonical\" href=\"https:\/\/workshop.hufschmied.net\/en\/bipolarplatten-workshop-2024\/\" \/>\n<meta property=\"og:locale\" content=\"en_US\" \/>\n<meta property=\"og:type\" content=\"article\" \/>\n<meta property=\"og:title\" content=\"Bipolarplatten Workshop 2024 - Hufschmied Zerspanungssysteme GmbH\" \/>\n<meta property=\"og:url\" content=\"https:\/\/workshop.hufschmied.net\/en\/bipolarplatten-workshop-2024\/\" \/>\n<meta property=\"og:site_name\" content=\"Hufschmied Zerspanungssysteme GmbH\" \/>\n<meta property=\"article:modified_time\" content=\"2024-04-30T05:48:43+00:00\" \/>\n<meta name=\"twitter:card\" content=\"summary_large_image\" \/>\n<meta name=\"twitter:label1\" content=\"Est. reading time\" \/>\n\t<meta name=\"twitter:data1\" content=\"3 minutes\" \/>\n<script type=\"application\/ld+json\" class=\"yoast-schema-graph\">{\"@context\":\"https:\/\/schema.org\",\"@graph\":[{\"@type\":\"WebPage\",\"@id\":\"https:\/\/workshop.hufschmied.net\/bipolarplatten-workshop-2024\/\",\"url\":\"https:\/\/workshop.hufschmied.net\/bipolarplatten-workshop-2024\/\",\"name\":\"Bipolarplatten Workshop 2024 - Hufschmied Zerspanungssysteme GmbH\",\"isPartOf\":{\"@id\":\"https:\/\/workshop.hufschmied.net\/#website\"},\"datePublished\":\"2024-03-13T06:33:58+00:00\",\"dateModified\":\"2024-04-30T05:48:43+00:00\",\"breadcrumb\":{\"@id\":\"https:\/\/workshop.hufschmied.net\/bipolarplatten-workshop-2024\/#breadcrumb\"},\"inLanguage\":\"en-US\",\"potentialAction\":[{\"@type\":\"ReadAction\",\"target\":[\"https:\/\/workshop.hufschmied.net\/bipolarplatten-workshop-2024\/\"]}]},{\"@type\":\"BreadcrumbList\",\"@id\":\"https:\/\/workshop.hufschmied.net\/bipolarplatten-workshop-2024\/#breadcrumb\",\"itemListElement\":[{\"@type\":\"ListItem\",\"position\":1,\"name\":\"Startseite\",\"item\":\"https:\/\/workshop.hufschmied.net\/\"},{\"@type\":\"ListItem\",\"position\":2,\"name\":\"Bipolarplatten Workshop 2024\"}]},{\"@type\":\"WebSite\",\"@id\":\"https:\/\/workshop.hufschmied.net\/#website\",\"url\":\"https:\/\/workshop.hufschmied.net\/\",\"name\":\"Hufschmied Zerspanungssysteme GmbH\",\"description\":\"Workshops\",\"publisher\":{\"@id\":\"https:\/\/workshop.hufschmied.net\/#organization\"},\"potentialAction\":[{\"@type\":\"SearchAction\",\"target\":{\"@type\":\"EntryPoint\",\"urlTemplate\":\"https:\/\/workshop.hufschmied.net\/?s={search_term_string}\"},\"query-input\":\"required name=search_term_string\"}],\"inLanguage\":\"en-US\"},{\"@type\":\"Organization\",\"@id\":\"https:\/\/workshop.hufschmied.net\/#organization\",\"name\":\"Hufschmied Zerspanungssysteme GmbH\",\"url\":\"https:\/\/workshop.hufschmied.net\/\",\"logo\":{\"@type\":\"ImageObject\",\"inLanguage\":\"en-US\",\"@id\":\"https:\/\/workshop.hufschmied.net\/#\/schema\/logo\/image\/\",\"url\":\"https:\/\/workshop.hufschmied.net\/wp-content\/uploads\/HZ-Emblem-schwarz.png\",\"contentUrl\":\"https:\/\/workshop.hufschmied.net\/wp-content\/uploads\/HZ-Emblem-schwarz.png\",\"width\":906,\"height\":779,\"caption\":\"Hufschmied Zerspanungssysteme GmbH\"},\"image\":{\"@id\":\"https:\/\/workshop.hufschmied.net\/#\/schema\/logo\/image\/\"}}]}<\/script>\n<!-- \/ Yoast SEO plugin. -->","yoast_head_json":{"title":"Bipolarplatten Workshop 2024 - Hufschmied Zerspanungssysteme GmbH","robots":{"index":"index","follow":"follow","max-snippet":"max-snippet:-1","max-image-preview":"max-image-preview:large","max-video-preview":"max-video-preview:-1"},"canonical":"https:\/\/workshop.hufschmied.net\/en\/bipolarplatten-workshop-2024\/","og_locale":"en_US","og_type":"article","og_title":"Bipolarplatten Workshop 2024 - Hufschmied Zerspanungssysteme GmbH","og_url":"https:\/\/workshop.hufschmied.net\/en\/bipolarplatten-workshop-2024\/","og_site_name":"Hufschmied Zerspanungssysteme GmbH","article_modified_time":"2024-04-30T05:48:43+00:00","twitter_card":"summary_large_image","twitter_misc":{"Est. reading time":"3 minutes"},"schema":{"@context":"https:\/\/schema.org","@graph":[{"@type":"WebPage","@id":"https:\/\/workshop.hufschmied.net\/bipolarplatten-workshop-2024\/","url":"https:\/\/workshop.hufschmied.net\/bipolarplatten-workshop-2024\/","name":"Bipolarplatten Workshop 2024 - Hufschmied Zerspanungssysteme GmbH","isPartOf":{"@id":"https:\/\/workshop.hufschmied.net\/#website"},"datePublished":"2024-03-13T06:33:58+00:00","dateModified":"2024-04-30T05:48:43+00:00","breadcrumb":{"@id":"https:\/\/workshop.hufschmied.net\/bipolarplatten-workshop-2024\/#breadcrumb"},"inLanguage":"en-US","potentialAction":[{"@type":"ReadAction","target":["https:\/\/workshop.hufschmied.net\/bipolarplatten-workshop-2024\/"]}]},{"@type":"BreadcrumbList","@id":"https:\/\/workshop.hufschmied.net\/bipolarplatten-workshop-2024\/#breadcrumb","itemListElement":[{"@type":"ListItem","position":1,"name":"Startseite","item":"https:\/\/workshop.hufschmied.net\/"},{"@type":"ListItem","position":2,"name":"Bipolarplatten Workshop 2024"}]},{"@type":"WebSite","@id":"https:\/\/workshop.hufschmied.net\/#website","url":"https:\/\/workshop.hufschmied.net\/","name":"Hufschmied Zerspanungssysteme GmbH","description":"Workshops","publisher":{"@id":"https:\/\/workshop.hufschmied.net\/#organization"},"potentialAction":[{"@type":"SearchAction","target":{"@type":"EntryPoint","urlTemplate":"https:\/\/workshop.hufschmied.net\/?s={search_term_string}"},"query-input":"required name=search_term_string"}],"inLanguage":"en-US"},{"@type":"Organization","@id":"https:\/\/workshop.hufschmied.net\/#organization","name":"Hufschmied Zerspanungssysteme GmbH","url":"https:\/\/workshop.hufschmied.net\/","logo":{"@type":"ImageObject","inLanguage":"en-US","@id":"https:\/\/workshop.hufschmied.net\/#\/schema\/logo\/image\/","url":"https:\/\/workshop.hufschmied.net\/wp-content\/uploads\/HZ-Emblem-schwarz.png","contentUrl":"https:\/\/workshop.hufschmied.net\/wp-content\/uploads\/HZ-Emblem-schwarz.png","width":906,"height":779,"caption":"Hufschmied Zerspanungssysteme GmbH"},"image":{"@id":"https:\/\/workshop.hufschmied.net\/#\/schema\/logo\/image\/"}}]}},"_links":{"self":[{"href":"https:\/\/workshop.hufschmied.net\/en\/wp-json\/wp\/v2\/pages\/2889"}],"collection":[{"href":"https:\/\/workshop.hufschmied.net\/en\/wp-json\/wp\/v2\/pages"}],"about":[{"href":"https:\/\/workshop.hufschmied.net\/en\/wp-json\/wp\/v2\/types\/page"}],"author":[{"embeddable":true,"href":"https:\/\/workshop.hufschmied.net\/en\/wp-json\/wp\/v2\/users\/6"}],"replies":[{"embeddable":true,"href":"https:\/\/workshop.hufschmied.net\/en\/wp-json\/wp\/v2\/comments?post=2889"}],"version-history":[{"count":34,"href":"https:\/\/workshop.hufschmied.net\/en\/wp-json\/wp\/v2\/pages\/2889\/revisions"}],"predecessor-version":[{"id":3097,"href":"https:\/\/workshop.hufschmied.net\/en\/wp-json\/wp\/v2\/pages\/2889\/revisions\/3097"}],"wp:attachment":[{"href":"https:\/\/workshop.hufschmied.net\/en\/wp-json\/wp\/v2\/media?parent=2889"}],"curies":[{"name":"wp","href":"https:\/\/api.w.org\/{rel}","templated":true}]}}